{"id":4828,"date":"2026-03-25T10:45:48","date_gmt":"2026-03-25T09:45:48","guid":{"rendered":"https:\/\/www.eet.tf.fau.de\/?page_id=4828"},"modified":"2026-03-25T10:45:49","modified_gmt":"2026-03-25T09:45:49","slug":"dienstleistung","status":"publish","type":"page","link":"https:\/\/www.eet.tf.fau.de\/en\/forschung\/dienstleistung\/","title":{"rendered":"Infrastruktur &amp; Laboreinrichtung"},"content":{"rendered":"<div class=\"wp-block-rrze-elements-collapsibles \"><div class=\"accordion\">\n<div class=\"wp-block-rrze-elements-collapse \"><div class=\"accordion-group \"><h2 class=\"accordion-heading\"><button class=\"accordion-toggle\" data-toggle=\"collapse\" data-name=\"magnetmessplatz\" data-href=\"#magnetmessplatz\" type=\"button\" aria-expanded=\"false\" aria-controls=\"magnetmessplatz-section\" id=\"magnetmessplatz\">Magnetmessplatz<\/button><\/h2><div id=\"magnetmessplatz-section\" class=\"accordion-body \" aria-labelledby=\"magnetmessplatz\" role=\"region\" name=\"magnetmessplatz\"><div class=\"accordion-inner clearfix\">\n\n<figure class=\"wp-block-image size-full is-style-large has-overlay\"><div class=\"image-wrapper\"><img loading=\"lazy\" decoding=\"async\" src=\"https:\/\/www.eet.tf.fau.de\/files\/2022\/12\/Unbenannt.png\" alt=\"\" class=\"wp-image-139\" srcset=\"https:\/\/www.eet.tf.fau.de\/files\/2022\/12\/Unbenannt.png 471w, https:\/\/www.eet.tf.fau.de\/files\/2022\/12\/Unbenannt-300x120.png 300w, https:\/\/www.eet.tf.fau.de\/files\/2022\/12\/Unbenannt-140x56.png 140w\" \/><button class=\"image-fullscreen-btn\" onclick=\"openImageFullscreen('https:\/\/www.eet.tf.fau.de\/files\/2022\/12\/Unbenannt.png')\">\u26f6<\/button><\/div><\/figure>\n\n\n\n<p>Bei der Bestimmung des Betriebsverhaltens einer elektrischen Maschine nimmt das magnetische Verhalten des verwendeten ferromagnetischen Materials eine wesentliche Rolle ein. Die m\u00f6glichst exakte Bestimmung der magnetischen Eigenschaften von ferromagnetischen Materialien ist im Hinblick auf viele Anwendungen erstrebenswert. Der nichtlineare Zusammenhang zwischen der magnetischen Feldst\u00e4rke und der magnetischen Flussdichte wird \u00fcber die sogenannte Kommutierungskurve hergestellt und wird f\u00fcr einfache konzentrierte Bauelemente bis hin zu komplexen Finite Elemente Methode Berechnungen ben\u00f6tigt.<\/p>\n\n\n\n<figure class=\"wp-block-image size-full is-style-large has-overlay\"><div class=\"image-wrapper\"><img loading=\"lazy\" decoding=\"async\" src=\"https:\/\/www.eet.tf.fau.de\/files\/2022\/12\/Trafo-2.png\" alt=\"\" class=\"wp-image-263 tall-image\" srcset=\"https:\/\/www.eet.tf.fau.de\/files\/2022\/12\/Trafo-2.png 328w, https:\/\/www.eet.tf.fau.de\/files\/2022\/12\/Trafo-2-300x254.png 300w, https:\/\/www.eet.tf.fau.de\/files\/2022\/12\/Trafo-2-130x110.png 130w, https:\/\/www.eet.tf.fau.de\/files\/2022\/12\/Trafo-2-283x240.png 283w\" \/><button class=\"image-fullscreen-btn\" onclick=\"openImageFullscreen('https:\/\/www.eet.tf.fau.de\/files\/2022\/12\/Trafo-2.png')\">\u26f6<\/button><\/div><\/figure>\n\n\n\n<p>Die genaue Kenntnis \u00fcber Verlustmechanismen erlaubt es pr\u00e4zise Aussagen bei der elektromagnetischen Simulation zu treffen, um so Verluste zu minimieren und die Leistung zu steigern. Bei der Qualit\u00e4tskontrolle von Materialien spielt die Bestimmung dieser Eigenschaften ebenfalls eine wesentliche Rolle.<\/p>\n\n\n\n<figure class=\"wp-block-image size-full is-style-large has-overlay\"><div class=\"image-wrapper\"><img loading=\"lazy\" decoding=\"async\" src=\"https:\/\/www.eet.tf.fau.de\/files\/2023\/01\/hyskurve.png\" alt=\"\" class=\"wp-image-1039 tall-image\" srcset=\"https:\/\/www.eet.tf.fau.de\/files\/2023\/01\/hyskurve.png 333w, https:\/\/www.eet.tf.fau.de\/files\/2023\/01\/hyskurve-300x221.png 300w, https:\/\/www.eet.tf.fau.de\/files\/2023\/01\/hyskurve-140x103.png 140w, https:\/\/www.eet.tf.fau.de\/files\/2023\/01\/hyskurve-326x240.png 326w\" \/><button class=\"image-fullscreen-btn\" onclick=\"openImageFullscreen('https:\/\/www.eet.tf.fau.de\/files\/2023\/01\/hyskurve.png')\">\u26f6<\/button><\/div><\/figure>\n\n\n\n<p>Die messtechnische Erfassung erfolgt nach normierten Verfahren, die einen repr\u00e4sentativen Aufbau definieren, um so die Zuverl\u00e4ssigkeit der Ergebnisse und die Vergleichbarkeit zu gew\u00e4hrleisten. Die Messung von Hysteresekurven, die den nichtlinearen Zusammenhang zwischen der magnetischen Feldst\u00e4rke &nbsp;und der magnetischen Flussdichte &nbsp;abbilden, erfolgt nach normierten Verfahren.<\/p>\n\n\n\n<figure class=\"wp-block-image size-full is-style-large has-overlay\"><div class=\"image-wrapper\"><img loading=\"lazy\" decoding=\"async\" src=\"https:\/\/www.eet.tf.fau.de\/files\/2022\/12\/Strang-Kreis-1-e1670934072566.png\" alt=\"\" class=\"wp-image-267 tall-image\" srcset=\"https:\/\/www.eet.tf.fau.de\/files\/2022\/12\/Strang-Kreis-1-e1670934072566.png 284w, https:\/\/www.eet.tf.fau.de\/files\/2022\/12\/Strang-Kreis-1-e1670934072566-116x110.png 116w, https:\/\/www.eet.tf.fau.de\/files\/2022\/12\/Strang-Kreis-1-e1670934072566-252x240.png 252w\" \/><button class=\"image-fullscreen-btn\" onclick=\"openImageFullscreen('https:\/\/www.eet.tf.fau.de\/files\/2022\/12\/Strang-Kreis-1-e1670934072566.png')\">\u26f6<\/button><\/div><\/figure>\n\n\n\n<p>Folgende Dienstleistungen bieten wir an:<\/p>\n\n\n\n<ul class=\"wp-block-list\">\n<li>Normative Messungen am Epsteinrahmen (DIN EN 60404-2)<\/li>\n\n\n\n<li>Normative Messungen mit Hilfe eines Tefalmessger\u00e4ts (DIN EN 60404-3)<\/li>\n\n\n\n<li>Normative Messungen mit Hilfe des Ringkernvefahrens (DIN EN 60404-4)<\/li>\n\n\n\n<li>Hochtemperaturmessungen bis zu 1000 \u00b0C<\/li>\n\n\n\n<li>Hochfrequente Messungen bis ca. 150 kHz<\/li>\n<\/ul>\n\n\n\n<p>Zudem k\u00f6nnen angepasste Messvorrichtungen nach Kundenwunsch gefertigt werden. Sprechen Sie uns einfach an!<\/p>\n\n<\/div><\/div><\/div><\/div>\n\n<div class=\"wp-block-rrze-elements-collapse \"><div class=\"accordion-group \"><h2 class=\"accordion-heading\"><button class=\"accordion-toggle\" data-toggle=\"collapse\" data-name=\"batterietestzentrum\" data-href=\"#batterietestzentrum\" type=\"button\" aria-expanded=\"false\" aria-controls=\"batterietestzentrum-section\" id=\"batterietestzentrum\">Batterietestzentrum<\/button><\/h2><div id=\"batterietestzentrum-section\" class=\"accordion-body \" aria-labelledby=\"batterietestzentrum\" role=\"region\" name=\"batterietestzentrum\"><div class=\"accordion-inner clearfix\">\n\n<p>Das Batterietestzentrum bietet eine Vielzahl an Pr\u00fcfkreisen mit unterschiedlichen Stromraten zur Analyse von Batterien auf Zell- und Modulebene (perspektivisch). Die Pr\u00fcflinge k\u00f6nnen hierbei vollautomatisch elektrisch charakterisiert und systematische Alterungsmatrizen durchgef\u00fchrt werden.<\/p>\n\n\n\n<p>Zur Konditionierung der Zellen stehen hierbei vollintegrierte Temperaturkammern sowie \u00d6fen und Inkubatoren zur Verf\u00fcgung. Alle Testkreise werden in Kombination mit vollintegrierten Temperaturkammern betrieben. F\u00fcr eine hochfeine Messaufl\u00f6sung, die R\u00fcckschl\u00fcsse auf die Einzelelektroden erm\u00f6glicht, stehen High Precision Coulometry&nbsp;Testkreise zur Verf\u00fcgung und die Modellbildung kann durch Elektrochemische Impedanzspektroskopie unterst\u00fctzt werden.<\/p>\n\n\n\n<p>Neben der elektrischen Vermessung ist eine thermische Analyse der Batteriezellen m\u00f6glich.<\/p>\n\n\n\n<p>Alle Testkreise sind an ein zentrales, redundantes Datenakquisitionssystem angeschlossen.<\/p>\n\n\n\n<p><em>Ansprechpartnerin: Prof. Dr.-Ing. Susanne Lehner<\/em><\/p>\n\n\n\n<div class=\"wp-block-table-wrapper\"><figure class=\"wp-block-table is-style-stripes\"><table><thead><tr><th>&nbsp;Equipment<\/th><th>Einsatz<\/th><th>Spezifikation<\/th><\/tr><\/thead><tbody><tr><td>Pr\u00fcfkreise Consumer Zellen<\/td><td>Charakterisierung &amp; Alterung<\/td><td>0 \u2013 5 V, 0 \u2013 10 A, parallelisierbar bis 40 A, 48 Kan\u00e4le<\/td><\/tr><tr><td>High Precision Coulometry<\/td><td>Charakterisierung &amp; Check-Up Tests<\/td><td>0 \u2013 5 V, 0 \u2013 10 A, parallelisierbar bis 20 A, 32 Kan\u00e4le<\/td><\/tr><tr><td>Impedanzspektroskopie<\/td><td>Charakterisierung<\/td><td>0 \u2013 5 V, Pulse bis 10 A, 1 A cont., 16 Kan\u00e4le<\/td><\/tr><tr><td>Hioki<\/td><td>Messung Innenwiderstand<\/td><td>0 \u2013 60 V, 0 \u2013 3,1 kOhm<\/td><\/tr><tr><td>Temperaturkammern<\/td><td>Konditionierung<\/td><td>-40 \u2013 90 \u00b0C, r\u00e4umliche Temperaturkonstanz \u2264 1,5 K, zeitlich \u2264 0,5 K, W\u00e4rmekompensation bis zu 3 kW<\/td><\/tr><tr><td>\u00d6fen<\/td><td>Konditionierung kalendarische Alterung<\/td><td>max.100 \u00b0C, Temperaturkonstanz r\u00e4umlich \u2264 1K, zeitlich \u2264 1 K<\/td><\/tr><tr><td>Inkubatoren<\/td><td>Konditionierung kalendarische Alterung<\/td><td>-40 \u2013 100 \u00b0C, Temperaturkonstanz r\u00e4umlich \u2264 0,3 K, zeitlich \u2264 0,1 K<\/td><\/tr><tr><td>Datenlogger<\/td><td>Unabh\u00e4ngige Temperatur\u00fcberwachung Messaufbau<\/td><td><\/td><\/tr><tr><td>Pr\u00e4zisionswaage<\/td><td>Zellinventarisierung<\/td><td>Max. 5200 g, Aufl\u00f6sung 0,1 g<\/td><\/tr><tr><td>W\u00e4rmebildkamera<\/td><td>Detektion von Hotspots<\/td><td><\/td><\/tr><tr><td><\/td><td><\/td><td><\/td><\/tr><\/tbody><\/table><\/figure><\/div>\n\n<\/div><\/div><\/div><\/div>\n\n<div class=\"wp-block-rrze-elements-collapse \"><div class=\"accordion-group \"><h2 class=\"accordion-heading\"><button class=\"accordion-toggle\" data-toggle=\"collapse\" data-name=\"elektrochemisches-labor\" data-href=\"#elektrochemisches-labor\" type=\"button\" aria-expanded=\"false\" aria-controls=\"elektrochemisches-labor-section\" id=\"elektrochemisches-labor\">Elektrochemisches Labor<\/button><\/h2><div id=\"elektrochemisches-labor-section\" class=\"accordion-body \" aria-labelledby=\"elektrochemisches-labor\" role=\"region\" name=\"elektrochemisches-labor\"><div class=\"accordion-inner clearfix\">\n\n<p>In unserem Chemielabor k\u00f6nnen wir zahlreiche Messungen zu Vanadium Redox Flow Batterien (VRFB), Hochtemperatur- PEM-Brennstoffzellen (HT PEMFC) und elektrochemischen Wasserstoffpumpen durchf\u00fchren.<\/p>\n\n\n\n<p>Im Bereich der Hochtemperatur-PEM-Zellen haben wir Expertise beim Herstellen von Elektroden, Bau von Zellen (aktive Fl\u00e4che 4 cm<sup>2<\/sup>), Testen von neuen Materialien in den Zellen und Charakterisierung der Zellperformance mittels Polarisationskurven, elektrochemischer Impedanzspektroskopie und Distribution of Relaxation Times (DRT) Analyse. Unsere Zellen k\u00f6nnen wir sowohl als klassische Brennstoffzellen, als auch als elektrochemische Wasserstoffpumpen zur Aufreinigung von Wasserstoff betreiben.<\/p>\n\n\n\n<p>Unsere flexible, hauseigene Halbzelle f\u00fcr den Bereich der VRFB erm\u00f6glicht die elektrochemische Charakterisierung kleinster Mengen zwei- und dreidimensionaler Elektrodenmaterialien unter Kompression und mit variablen Elektrolytflussraten. Perspektivisch werden auch Vollzell-Messungen m\u00f6glich sein. Zudem haben wir Erfahrung bei der Aktivierung von Elektroden-Materialien und bei Druckverlust-Messungen.<\/p>\n\n\n\n<p>Ein weiteres Forschungsfeld ist die R\u00f6ntgenbildgebung mittels in-situ Synchrotron-Messungen zur Untersuchung der Elektrolytbewegung und Wasserstoffbildung in VRFB Elektroden.<\/p>\n\n\n\n<p><em>Ansprechpartnerin: Prof. Dr. Roswitha Zeis<\/em><\/p>\n\n\n\n<div class=\"wp-block-table-wrapper\"><figure class=\"wp-block-table\"><table><thead><tr><th>Equipment<\/th><th>Einsatz<\/th><th>Spezifikation<\/th><\/tr><\/thead><tbody><tr><td>Analysewaage<\/td><td>Abwiegen von Chemikalien, Elektroden, \u2026<\/td><td>Max. Gewicht: &nbsp;220 g, Ablesbarkeit: 0,1 mg<\/td><\/tr><tr><td>Spr\u00fchen von Elektroden<\/td><td>Herstellung von Gasdiffusionselektroden f\u00fcr Hochtemperatur Brennstoffzellen<\/td><td>Aktive Elektrodenfl\u00e4chen von max. 25 cm<sup>2<\/sup><\/td><\/tr><tr><td>R\u00f6hrenofen<\/td><td>Thermische Aktivierung von (Kohlenstoff-) Elektroden<\/td><td>Max. Temperatur: 1100 \u00b0C, Betrieb mit Luft oder Inert-Gasen<\/td><\/tr><tr><td>Potentiostaten (Zahner Zennium und BioLogic SP-300 inkl. Booster)<\/td><td>Zyklische Voltammetrie, potentiostatische und galvanostatische Impedanzmessungen<\/td><td>Zahner: 5 V &amp; 3 A<br>BioLogic mit Boostern: 5 V &amp; 10 A oder 14 V &amp; 4 A<br>Ultra-low-current Option f\u00fcr Messungen von Str\u00f6men im pA- Bereich<\/td><\/tr><tr><td>Rotating Disk Elektrode<\/td><td>Charakterisierung neuer Katalysatoren,<br>Untersuchung der Sauerstoffreduktion<\/td><td>Disk Elektroden: Platin, Gold und Glassy Carbon<br>Rotating Ring Disk Elektroden (RRDE) Messungen ebenfalls m\u00f6glich<\/td><\/tr><tr><td>RelaxIS 3 von rhd instruments<\/td><td>DRT Analyse und weitere Auswertung von EIS Messungen<\/td><td><\/td><\/tr><tr><td>Pressure Drop Messungen<\/td><td>Druckverluste in VRFB Elektroden<\/td><td>0-1,6 bar, Aufl\u00f6sung 1 mbar<\/td><\/tr><tr><td>Pumpen, peristaltische &amp; Spritzenpumpe<\/td><td>Pumpen von Elektrolyt durch VRFB Halb- und Vollzelle<\/td><td>peristaltische Pumpe:&nbsp; bis ca. 77 mL\/min<br>Spritzenpumpe: ca. 0,01-28,30 \u00b5L\/min<\/td><\/tr><tr><td>Hochtemperatur Brennstoffzellen Teststand<\/td><td>Betrieb von Hochtemperatur Brennstoffzellen und elektrochemischen Wasserstoffpumpen<\/td><td>Temperaturen bis 200 \u00b0C,<br>Befeuchtung der Kathode m\u00f6glich,<br>Betrieb mit H<sub>2<\/sub>, \u00f6lfreier Luft, N<sub>2<\/sub>, CO<sub>2<\/sub> und CO m\u00f6glich<\/td><\/tr><tr><td>Gaschromatograph<\/td><td>Analyse von Wasserstoff, der mithilfe der elektrochemischen Wasserstoffpumpe aufgereinigt wurde<\/td><td>Detektierbare Gase: H<sub>2<\/sub>, N<sub>2<\/sub>, CO, CO<sub>2<\/sub>, H<sub>2<\/sub>O, H<sub>2<\/sub>S<br>2 BID Detektoren<\/td><\/tr><tr><td>Reinstwasseranlage<\/td><td>Aufreinigung des Leitungswassers f\u00fcr die Verwendung in elektrochemischen Experimenten<\/td><td>Leitungswiderstand des Wassers: 18,2 M\u03a9<\/td><\/tr><tr><td>Gaskatel FlexCell inkl. Temperaturkontrollbox<\/td><td>Untersuchung von Gasdiffusionselektroden in einem Halbzellen-Setup<\/td><td>Messungen mit saurem und alkalischem Elektrolyt<br>Max. Temperatur: 150 \u00b0C<br>Aktive Elektrodenfl\u00e4che: 3 cm<sup>2<\/sup><\/td><\/tr><tr><td>VRFB Halbzelle mit Fluss<\/td><td>Elektrochemische Charakterisierung von VRFB Elektroden<\/td><td>Aktuell w\u00e4ssriger Elektrolyt<\/td><\/tr><tr><td>Flussbatterie Vollzelle<\/td><td>VRFB Vollzellmessungen<\/td><td>aktive Elektrodenfl\u00e4che: 6,25&nbsp;cm<sup>2<\/sup><\/td><\/tr><tr><td>Trockenofen<\/td><td>Trocknen &amp; Erhitzen von Proben<\/td><td>Max. Temperatur 300 \u00b0C<\/td><\/tr><tr><td><\/td><td><\/td><td><\/td><\/tr><\/tbody><\/table><\/figure><\/div>\n\n<\/div><\/div><\/div><\/div>\n\n<div class=\"wp-block-rrze-elements-collapse \"><div class=\"accordion-group \"><h2 class=\"accordion-heading\"><button class=\"accordion-toggle\" data-toggle=\"collapse\" data-name=\"panel_eb47748b\" data-href=\"#panel_eb47748b\" type=\"button\" aria-expanded=\"false\" aria-controls=\"panel_eb47748b-section\" id=\"panel_eb47748b\">EMS-laboratory<\/button><\/h2><div id=\"panel_eb47748b-section\" class=\"accordion-body \" aria-labelledby=\"panel_eb47748b\" role=\"region\" name=\"panel_eb47748b\"><div class=\"accordion-inner clearfix\">\n\n<p>Our energy management laboratory provides the ideal environment for developing, testing, and optimizing intelligent energy systems under realistic conditions. With three flexible controllers, both centralized and decentralized networked architectures can be emulated, enabling new models and optimization algorithms to be deployed quickly and efficiently. Integrated real-world components such as a PV system, weather station, and battery storage, combined with programmable loads and sources, allow a wide range of application scenarios to be reproduced in practice. In addition, external data sources such as weather forecasts and electricity market data can be seamlessly integrated via API.<\/p>\n\n\n\n<figure class=\"wp-block-image size-large is-style-large has-overlay\"><div class=\"image-wrapper\"><img loading=\"lazy\" decoding=\"async\" src=\"https:\/\/www.eet.tf.fau.de\/files\/2026\/03\/EMS_Labor-16_9-1024x576.jpg\" alt=\"\" class=\"wp-image-4823\" srcset=\"https:\/\/www.eet.tf.fau.de\/files\/2026\/03\/EMS_Labor-16_9-1024x576.jpg 1024w, https:\/\/www.eet.tf.fau.de\/files\/2026\/03\/EMS_Labor-16_9-300x169.jpg 300w, https:\/\/www.eet.tf.fau.de\/files\/2026\/03\/EMS_Labor-16_9-768x432.jpg 768w, https:\/\/www.eet.tf.fau.de\/files\/2026\/03\/EMS_Labor-16_9.jpg 1240w\" \/><button class=\"image-fullscreen-btn\" onclick=\"openImageFullscreen('https:\/\/www.eet.tf.fau.de\/files\/2026\/03\/EMS_Labor-16_9.jpg')\">\u26f6<\/button><\/div><\/figure>\n\n\n\n<figure class=\"wp-block-image size-large has-overlay is-style-large\"><div class=\"image-wrapper\"><img loading=\"lazy\" decoding=\"async\" src=\"https:\/\/www.eet.tf.fau.de\/files\/2026\/03\/Steuerung-e1774427869967-1024x587.jpg\" alt=\"\" class=\"wp-image-4824\" srcset=\"https:\/\/www.eet.tf.fau.de\/files\/2026\/03\/Steuerung-e1774427869967-1024x587.jpg 1024w, https:\/\/www.eet.tf.fau.de\/files\/2026\/03\/Steuerung-e1774427869967-300x172.jpg 300w, https:\/\/www.eet.tf.fau.de\/files\/2026\/03\/Steuerung-e1774427869967-768x440.jpg 768w, https:\/\/www.eet.tf.fau.de\/files\/2026\/03\/Steuerung-e1774427869967.jpg 1372w\" \/><button class=\"image-fullscreen-btn\" onclick=\"openImageFullscreen('https:\/\/www.eet.tf.fau.de\/files\/2026\/03\/Steuerung-e1774427869967.jpg')\">\u26f6<\/button><\/div><\/figure>\n\n<\/div><\/div><\/div><\/div>\n<\/div><\/div>","protected":false},"excerpt":{"rendered":"","protected":false},"author":1175,"featured_media":0,"parent":3628,"menu_order":0,"comment_status":"closed","ping_status":"closed","template":"components\/templates\/portal-page\/portal-page.php","meta":{"_rrze_cache":"enabled","_rrze_multilang_single_locale":"en_US","_rrze_multilang_single_source":"https:\/\/www.leam.tf.fau.de\/?page_id=133","footnotes":""},"page_category":[29],"page_tag":[],"workflow_usergroup":[],"class_list":["post-4828","page","type-page","status-publish","hentry","page_category-general","en-US"],"_links":{"self":[{"href":"https:\/\/www.eet.tf.fau.de\/wp-json\/wp\/v2\/pages\/4828","targetHints":{"allow":["GET"]}}],"collection":[{"href":"https:\/\/www.eet.tf.fau.de\/wp-json\/wp\/v2\/pages"}],"about":[{"href":"https:\/\/www.eet.tf.fau.de\/wp-json\/wp\/v2\/types\/page"}],"author":[{"embeddable":true,"href":"https:\/\/www.eet.tf.fau.de\/wp-json\/wp\/v2\/users\/1175"}],"replies":[{"embeddable":true,"href":"https:\/\/www.eet.tf.fau.de\/wp-json\/wp\/v2\/comments?post=4828"}],"version-history":[{"count":1,"href":"https:\/\/www.eet.tf.fau.de\/wp-json\/wp\/v2\/pages\/4828\/revisions"}],"predecessor-version":[{"id":4829,"href":"https:\/\/www.eet.tf.fau.de\/wp-json\/wp\/v2\/pages\/4828\/revisions\/4829"}],"up":[{"embeddable":true,"href":"https:\/\/www.eet.tf.fau.de\/wp-json\/wp\/v2\/pages\/3628"}],"wp:attachment":[{"href":"https:\/\/www.eet.tf.fau.de\/wp-json\/wp\/v2\/media?parent=4828"}],"wp:term":[{"taxonomy":"page_category","embeddable":true,"href":"https:\/\/www.eet.tf.fau.de\/wp-json\/wp\/v2\/page_category?post=4828"},{"taxonomy":"page_tag","embeddable":true,"href":"https:\/\/www.eet.tf.fau.de\/wp-json\/wp\/v2\/page_tag?post=4828"},{"taxonomy":"workflow_usergroup","embeddable":true,"href":"https:\/\/www.eet.tf.fau.de\/wp-json\/wp\/v2\/workflow_usergroup?post=4828"}],"curies":[{"name":"wp","href":"https:\/\/api.w.org\/{rel}","templated":true}]}}