{"id":3697,"date":"2025-06-13T07:43:18","date_gmt":"2025-06-13T05:43:18","guid":{"rendered":"https:\/\/www.eet.tf.fau.de\/?page_id=3697"},"modified":"2025-06-17T07:33:51","modified_gmt":"2025-06-17T05:33:51","slug":"promotion","status":"publish","type":"page","link":"https:\/\/www.eet.tf.fau.de\/en\/lehrstuhl\/promotion\/","title":{"rendered":"Doctorates"},"content":{"rendered":"\n<h2 class=\"wp-block-heading\">Completed Doctorates<\/h2>\n\n\n\n<p>&nbsp;<\/p>\n\n\n\n<figure class=\"wp-block-table is-style-stripes\"><table><thead><tr><th class=\"has-text-align-left\" data-align=\"left\">Doctoral Candidate<\/th><th>Topic<\/th><\/tr><\/thead><tbody><tr><td class=\"has-text-align-left\" data-align=\"left\">Monja Schilling<\/td><td><a href=\"https:\/\/open.fau.de\/browse\/author?value=Schilling,%20Monja%20Katharina&amp;bbm.return=1\">Investigating the Reactions and Processes in Vanadium Redox Flow Batteries \u2013 Bridging the Gap: from Fundamental Research to Application. Friedrich-Alexander-Universit\u00e4t Erlangen-N\u00fcrnberg (FAU), 2025<\/a><\/td><\/tr><tr><td class=\"has-text-align-left\" data-align=\"left\">Syed, Qurban<\/td><td>Spoke Type Axial Flux Permanent Magnet Motor and its Flux Switching Variants<\/td><\/tr><tr><td class=\"has-text-align-left\" data-align=\"left\">Jaeho Ryu<\/td><td><a href=\"https:\/\/open.fau.de\/browse\/author?value=Ryu,%20Jaeho&amp;authority=6c65d7cc-ebc7-47bd-9404-fd7d3e0e5bda&amp;bbm.return=1\">Design improvement and experimental verification of the axially stacked three-phase flux reversal machine for electric vehicles. Friedrich-Alexander-Universit\u00e4t Erlangen-N\u00fcrnberg (FAU), 2025<\/a><\/td><\/tr><tr><td class=\"has-text-align-left\" data-align=\"left\">Matthias Stiller<\/td><td><a href=\"https:\/\/open.fau.de\/items\/e6bd3f0e-600c-4f96-9f58-687ea906ed57\">Analytisch-numerische Magnetfeldberechnung im Luftspalt elektrischer K\u00e4figl\u00e4ufer-Asynchronmaschinen. Friedrich-Alexander-Universit\u00e4t Erlangen-N\u00fcrnberg (FAU), 2023<\/a><\/td><\/tr><tr><td class=\"has-text-align-left\" data-align=\"left\">Dominik Thyroff<\/td><td><a href=\"https:\/\/www.dr.hut-verlag.de\/9783843952828.html\">Thyroff ,Dominik. Die Vernier-Maschine als Direktantrieb f\u00fcr Traktionsanwendungen. Verlag Dr. Hut, 2022<\/a><\/td><\/tr><tr><td class=\"has-text-align-left\" data-align=\"left\">Martha Bugsch<\/td><td><a href=\"https:\/\/www.dr.hut-verlag.de\/978-3-8439-5062-6.html\">Lagegeberlose Regelung einer Synchronreluktanzmaschine. Verlag Dr. Hut, 2022.<\/a><\/td><\/tr><tr><td class=\"has-text-align-left\" data-align=\"left\">Robert Gospos<\/td><td><a href=\"https:\/\/opus4.kobv.de\/opus4-fau\/files\/17508\/RobertGosposDissertation.pdf\">Analyse und Bewertung leitungsgebundener Emissionen der Elektromagnetischen Vertr\u00e4glichkeit in Umrichtern und Erstellung eines Simulationsmodells zur Verifikation. Diss. Friedrich-Alexander-Universit\u00e4t Erlangen-N\u00fcrnberg (FAU), 2021.<\/a><\/td><\/tr><tr><td class=\"has-text-align-left\" data-align=\"left\">Alexander Lange<\/td><td><a href=\"https:\/\/www.dr.hut-verlag.de\/9783843947862.html\">Steuerverfahren und direkte modellpr\u00e4diktive Stromregelung eines vereinfachten Dreipunktstromrichters. Verlag Dr. Hut, 2021.<\/a><\/td><\/tr><tr><td class=\"has-text-align-left\" data-align=\"left\">Andreas Lindner<\/td><td><a href=\"https:\/\/opus4.kobv.de\/opus4-fau\/frontdoor\/index\/index\/docId\/16222\">Auslegung einer flussschaltenden Maschine mit magnetisch gro\u00dfem Luftspalt. Friedrich-Alexander-Universit\u00e4t Erlangen-N\u00fcrnberg (FAU), Technische Fakult\u00e4t, 2021<\/a><\/td><\/tr><tr><td class=\"has-text-align-left\" data-align=\"left\">Christoph Hittinger<\/td><td><a href=\"https:\/\/www.dr.hut-verlag.de\/9783843946797.html\">Verbesserung der Anisotropieeigenschaften einzelzahnbewickelter, permanenterregter Synchronmaschinen f\u00fcr die lagegeberlose Regelung mittels kurzgeschlossener Rotorwicklungen. Verlag Dr. Hut, 2021.<\/a><\/td><\/tr><tr><td class=\"has-text-align-left\" data-align=\"left\">Johannes Graus<\/td><td><a href=\"https:\/\/www.dr.hut-verlag.de\/9783843945448.html\">Untersuchung des HF-Verhaltens permanenterregter Synchronmaschinen mit Rotorwicklung f\u00fcr den geberlosen Betrieb. Verlag Dr. Hut, 2020<\/a><\/td><\/tr><tr><td class=\"has-text-align-left\" data-align=\"left\">Marco Zimmermann<\/td><td><a href=\"https:\/\/www.dr.hut-verlag.de\/9783843944649.html\">Entwurf und lagegeberlose Regelung einer permanentmagnetunterst\u00fctzten Synchronreluktanzmaschine. Verlag Dr. Hut, 2020.<\/a><\/td><\/tr><tr><td class=\"has-text-align-left\" data-align=\"left\">Jennifer Lautner<\/td><td><a href=\"https:\/\/www.dr.hut-verlag.de\/9783843940849.html\">Untersuchung von Galliumnitrid-Transistoren f\u00fcr den Einsatz in der Antriebstechnik. Verlag Dr. Hut, 2019.<\/a><\/td><\/tr><tr><td class=\"has-text-align-left\" data-align=\"left\">Thomas Baier<\/td><td><a href=\"https:\/\/www.dr.hut-verlag.de\/9783843932998.html\">Antriebsumrichter mit Impedanz-Zwischenkreis-Topologie und Gleichspannungsspeisung. Verlag Dr. Hut, 2017.<\/a><\/td><\/tr><tr><td class=\"has-text-align-left\" data-align=\"left\">Ali Al Hage Ali<\/td><td><a href=\"https:\/\/www.dr.hut-verlag.de\/9783843933629.html\">Modellbasiertes Schutzsystem zur Fehlerdetektion und Fehlerlokalisierung in Multiterminal HG\u00dc-Systemen. Verlag Dr. Hut, 2017.<\/a><\/td><\/tr><tr><td class=\"has-text-align-left\" data-align=\"left\">Veronika Kr\u00e4ck<\/td><td><a href=\"https:\/\/www.dr.hut-verlag.de\/9783843933391.html\">Blockstrukturierte Finite-Difference Time-Domain Methode zur Berechnung dreidimensionaler elektromagnetischer Feldprobleme. Verlag Dr. Hut, 2017.<\/a><\/td><\/tr><tr><td class=\"has-text-align-left\" data-align=\"left\">Stefan Ingo Meier<\/td><td><a href=\"https:\/\/www.dr.hut-verlag.de\/9783843930062.html\">Das mechatronische System der Wirbelstrombremse. Verlag Dr. Hut, 2017.<\/a><\/td><\/tr><tr><td class=\"has-text-align-left\" data-align=\"left\">Jens Krotsch<\/td><td><a href=\"https:\/\/www.dr.hut-verlag.de\/9783843929226.html\">Mehrkriterielle Optimierung permanenterregter Synchronmotoren in Au\u00dfenl\u00e4uferbauweise unter besonderer Ber\u00fccksichtigung der Radialkr\u00e4fte, 2016.<\/a><\/td><\/tr><tr><td class=\"has-text-align-left\" data-align=\"left\">Martin Lechler<\/td><td><a href=\"https:\/\/www.dr.hut-verlag.de\/9783843925808.html\">Lechler, Martin. Kompakter r\u00fcckspeisef\u00e4higer Antriebsstromrichter mit Impedanz-Zwischenkreis und SiC-Leistungshalbleitern mit sinusf\u00f6rmigen Ausgangsspannungen. Verlag Dr. Hut, 201<\/a>6<\/td><\/tr><tr><td class=\"has-text-align-left\" data-align=\"left\">Alexander Rambetius<\/td><td><a href=\"https:\/\/www.dr.hut-verlag.de\/978-3-8439-2484-9.html\">Lagegeberlose Regelung der elektrisch erregten Synchronmaschine f\u00fcr den Einsatz in Elektrofahrzeugen. Verlag Dr. Hut, 2016.<\/a><\/td><\/tr><tr><td class=\"has-text-align-left\" data-align=\"left\">Markus Seilmeier<\/td><td><a href=\"https:\/\/d-nb.info\/1084386925\">Lagegeberlose Regelung der permanenterregten Synchronmaschine mit Zwei-Freiheitsgrade-Struktur. Verlag Dr. Hut, 2016.<\/a><\/td><\/tr><tr><td class=\"has-text-align-left\" data-align=\"left\">Andreas B\u00f6hm<\/td><td><a href=\"https:\/\/www.dr.hut-verlag.de\/9783843923972.html\">Messung magnetischer Materialeigenschaften und deren Ber\u00fccksichtigung bei der Simulation elektrischer Maschinen. Verlag Dr. Hut, 2015.<\/a><\/td><\/tr><tr><td class=\"has-text-align-left\" data-align=\"left\">Yaqiong Liu<\/td><td><a href=\"https:\/\/www.dr.hut-verlag.de\/9783843922166.html\">Ein robustes geberloses Regelverfahren f\u00fcr die Asynchronmaschine, 2015.<\/a><\/td><\/tr><tr><td class=\"has-text-align-left\" data-align=\"left\">Florian Bittner<\/td><td><a href=\"https:\/\/play.google.com\/store\/books\/details?id=1en-DwAAQBAJ&amp;rdid=book-1en-DwAAQBAJ&amp;rdot=1&amp;source=gbs_vpt_read&amp;pcampaignid=books_booksearch_viewport\">Modellgest\u00fctzte multikriterielle Optimierung von permanenterregten Synchronmaschinen f\u00fcr Hybrid- und Elektrofahrzeuge, 2015.<\/a><\/td><\/tr><tr><td class=\"has-text-align-left\" data-align=\"left\">Sebastian Ebersberger<\/td><td><a href=\"https:\/\/www.dr.hut-verlag.de\/9783843920384.html\">Lagegeberlose Positionsregelung eines permanenterregten Synchronlinearmotors, 2015.<\/a><\/td><\/tr><tr><td class=\"has-text-align-left\" data-align=\"left\">Katharina Beer<\/td><td><a href=\"https:\/\/www.dr.hut-verlag.de\/9783843920001.html\">Antriebsumrichter mit Quasi-Impedanz-Zwischenkreis und Gleichspannungseinspeisung. Verlag Dr. Hut, 2015.<\/a><\/td><\/tr><tr><td class=\"has-text-align-left\" data-align=\"left\">Matthias G\u00f3rka<\/td><td><a href=\"https:\/\/www.dr.hut-verlag.de\/9783843912549.html\">Funktionale Integration eines DC\/DC-Wandlers in den Antriebsumrichter. Verlag Dr. Hut, 2013.<\/a><\/td><\/tr><tr><td class=\"has-text-align-left\" data-align=\"left\">Michael Hausmann<\/td><td><a href=\"https:\/\/www.dr.hut-verlag.de\/9783843910057.html\">Umrichtersystem zur Nachbildung elektronischer Lasten mit oberschwingungskompensierter Energier\u00fcckf\u00fchrung \u00fcber das Versorgungsnetz. Verlag Dr. Hut, 2013.<\/a><\/td><\/tr><tr><td class=\"has-text-align-left\" data-align=\"left\">Mario G\u00f6b<\/td><td><a href=\"https:\/\/www.dr.hut-verlag.de\/9783843909655.html\">Dynamisches Bahnzugkraft-und-geschwindigkeitsverhalten kontinuierlicher Fertigungsanlagen unter rheologischen, klimatischen und regelungstechnischen Aspekten. Verlag Dr. Hut, 2013.<\/a><\/td><\/tr><tr><td class=\"has-text-align-left\" data-align=\"left\">Heiko Peter<\/td><td><a href=\"https:\/\/www.dr.hut-verlag.de\/9783843907958.html\">Sichere Lagefehlererkennung mithilfe einer permanentmagneterregten Synchronmaschine als redundanter Sensor. Verlag Dr. Hut, 2012.<\/a><\/td><\/tr><tr><td class=\"has-text-align-left\" data-align=\"left\">Sven Kellner<\/td><td><a href=\"https:\/\/opus4.kobv.de\/opus4-fau\/frontdoor\/index\/index\/start\/0\/rows\/20\/sortfield\/score\/sortorder\/desc\/searchtype\/simple\/query\/Parameteridentifikation+bei+permanenterregten+Synchronmaschinen\/docId\/2738\">Parameteridentifikation bei permanenterregten Synchronmaschinen. Friedrich-Alexander-Universitaet Erlangen-Nuernberg (Germany), 2012.<\/a><\/td><\/tr><tr><td class=\"has-text-align-left\" data-align=\"left\">Holger Hoffmann<\/td><td><a href=\"https:\/\/www.dr.hut-verlag.de\/9783843908047.html\">Elektronischer Transformator f\u00fcr Hochleistungs-Traktionssysteme am Wechselspannungsnetz. Verlag Dr. Hut, 2012.<\/a><\/td><\/tr><tr><td class=\"has-text-align-left\" data-align=\"left\">Harald Wie\u00dfmann<\/td><td><a href=\"https:\/\/www.dr.hut-verlag.de\/9783843904759.html\">Hochdynamisches direktes stromregelverfahren f\u00fcr pulswechselrichter im vergleich zu pwm-verfahren. Verlag Dr. Hut, 2012.<\/a><\/td><\/tr><tr><td class=\"has-text-align-left\" data-align=\"left\">Moritz Zimmermann<\/td><td><a href=\"https:\/\/www.dr.hut-verlag.de\/9783843904926.html\">R\u00fcckspeisef\u00e4higer Antriebsstromrichter mit Impedanzzwischenkreis zum Ausgleich von Netzspannungsschwankungen. Verlag Dr. Hut, 2012.<\/a><\/td><\/tr><tr><td class=\"has-text-align-left\" data-align=\"left\">Andrey Kuskov<\/td><td><a href=\"https:\/\/www.dr.hut-verlag.de\/9783843900379.html\">Verlustarmer r\u00fcckspeisef\u00e4higer Antriebsstromrichter ohne Zwischenkreiskondensator mit netzfrequentem Schalten auf der Netzseite. Verlag Dr. Hut, 2011.<\/a><\/td><\/tr><tr><td class=\"has-text-align-left\" data-align=\"left\">Josef Reill<\/td><td><a href=\"https:\/\/www.dr.hut-verlag.de\/9783868534955.html\">Lagegeberlose Regelung f\u00fcr ein accelerometergest\u00fctztes, hochdynamisches Roboterantriebssystem mit permanenterregtem Synchronmotor. Verlag Dr. Hut, 2010.<\/a><\/td><\/tr><tr><td class=\"has-text-align-left\" data-align=\"left\">Stefan V\u00f6kel<\/td><td><a href=\"https:\/\/www.dr.hut-verlag.de\/9783868533408.html\">R\u00fcckspeisef\u00e4higer einphasiger AC\/DC-Umrichter mit Potentialtrennung. Verlag Dr. Hut, 2010.<\/a><\/td><\/tr><tr><td class=\"has-text-align-left\" data-align=\"left\">Heiko Zatocil<\/td><td><a href=\"https:\/\/www.isbn.de\/buch\/9783868531411\/geberlose-drehzahlregelung-asynchronmaschine-mit-einem-testsignalbasierten-referenzmodell\">Geberlose Regelung der Asynchronmaschine mit einem testsignalbasierten Referenzmodell\u201c, Verlag Dr. Hut, M\u00fcnchen, 2009.<\/a><\/td><\/tr><tr><td class=\"has-text-align-left\" data-align=\"left\">Alvaro Orellana<\/td><td><a href=\"https:\/\/www.google.de\/books\/edition\/Kompakter_r%C3%BCckspeisef%C3%A4higer_Antriebsst\/k9f-DwAAQBAJ?hl=de&amp;gbpv=0\">Kompakter r\u00fcckspeisef\u00e4higer Antriebsstromrichter mit SiC-JFETs und sinusf\u00f6rmigen Ausgangsspannungen. Cuvillier Verlag, 2009.<\/a><\/td><\/tr><tr><td class=\"has-text-align-left\" data-align=\"left\">Thomas Weidinger<\/td><td><a href=\"https:\/\/www.proquest.com\/docview\/2604477775?pq-origsite=gscholar&amp;fromopenview=true\">Untersuchung von Gleichtaktschwingungen in elektrischen Antriebssystemen. Friedrich-Alexander-Universitaet Erlangen-Nuernberg (Germany), 2009.<\/a><\/td><\/tr><tr><td class=\"has-text-align-left\" data-align=\"left\">Benno Weis<\/td><td><a href=\"https:\/\/www.proquest.com\/docview\/2604525037?pq-origsite=gscholar&amp;fromopenview=true\">Kompakter 690V-Umrichter mit SiC-Schottkydioden f\u00fcr sinusf\u00f6rmige Ausgangsspannung. Friedrich-Alexander-Universitaet Erlangen-Nuernberg (Germany), 2008.<\/a><\/td><\/tr><tr><td class=\"has-text-align-left\" data-align=\"left\">Thorsten Frenzke<\/td><td><a href=\"https:\/\/d-nb.info\/1164341685\">Geberlose Drehmoment-Regelung f\u00fcr permanentmagneterregte Synchronmaschinen in der Bahntraktion, 2007.<\/a><\/td><\/tr><tr><td class=\"has-text-align-left\" data-align=\"left\">Manfred Bruckmann<\/td><td><a href=\"https:\/\/d-nb.info\/97178714X\">Reihenschaltung von Insulated-Gate-Bipolar-Transistoren (IGBT), 2004.<\/a><\/td><\/tr><tr><td class=\"has-text-align-left\" data-align=\"left\">Michael Denzner<\/td><td><a href=\"https:\/\/d-nb.info\/971022119\">Umrichtersystem f\u00fcr sinusf\u00f6rmige Ein-und Ausgangsgr\u00f6\u00dfen mit hohen Pulsfrequenzen und optimierten Filtern. Diss. 2004.<\/a><\/td><\/tr><tr><td class=\"has-text-align-left\" data-align=\"left\">Rizqa Derfiora<\/td><td><a href=\"https:\/\/d-nb.info\/968740928\">Automatic Commissioning in Induction Motor Drives Based on Saturation Curves Identification at the Initial Standstill. 2003.<\/a><\/td><\/tr><tr><td class=\"has-text-align-left\" data-align=\"left\">Bernhard H\u00f6scheler<\/td><td><a href=\"https:\/\/d-nb.info\/964420228\">Entwicklung eines Pruefstands zur Echtzeitsimulation mechanischer Systeme unter Verwendung einer hochaufloesenden Lageerfassung. Diss. 2001.<\/a><\/td><\/tr><tr><td class=\"has-text-align-left\" data-align=\"left\">Hartmut Niemann<\/td><td><a href=\"https:\/\/d-nb.info\/962205494\">Synchronisierte Regelung dezentraler Antriebe \u00fcber einen Feldbus. Diss. Technische Fakult\u00e4t der Universit\u00e4t Erlangen-N\u00fcrnberg, 2001.<\/a><\/td><\/tr><tr><td class=\"has-text-align-left\" data-align=\"left\">Christian Pfeiffer<\/td><td><a href=\"https:\/\/d-nb.info\/960538429\">Einsatz von Reluktanzmotoren f\u00fcr langsam laufende Servodirektantriebe. Diss. Technische Fakult\u00e4t der Friedrich-Alexander-Universit\u00e4t Erlangen-N\u00fcrnberg, 2000.<\/a><\/td><\/tr><tr><td class=\"has-text-align-left\" data-align=\"left\">Ralf Kruse<\/td><td><a href=\"https:\/\/d-nb.info\/960915664\">Entwurfsverfahren f\u00fcr Transversalflu\u00df-Reluktanzmotoren. Diss. Technische Fakult\u00e4t der Friedrich-Alexander-Universit\u00e4t Erlangen-N\u00fcrnberg, 2000.<\/a><\/td><\/tr><tr><td class=\"has-text-align-left\" data-align=\"left\">Carsten Rebbereh<\/td><td><a href=\"https:\/\/d-nb.info\/959797890\">Beitrag zur Modellbildung der Asynchronmaschine unter Ber\u00fccksichtigung von Eisens\u00e4ttigung und Stromverdr\u00e4ngung. Diss. Technische Fakult\u00e4t der Friedrich-Alexander-Universit\u00e4t Erlangen-N\u00fcrnberg, 2000.<\/a><\/td><\/tr><tr><td class=\"has-text-align-left\" data-align=\"left\">Martin Teckentrup<\/td><td><a href=\"https:\/\/d-nb.info\/956594778\">Kartesische Bahnregelung bei Werkzeugmaschinen unter Verwendung direkter Me\u00dfgr\u00f6\u00dfen, 1999.<\/a><\/td><\/tr><tr><td class=\"has-text-align-left\" data-align=\"left\">Hans-J\u00fcrgen Wehner<\/td><td><a href=\"https:\/\/d-nb.info\/952236370\">Betriebseigenschaften, Ausnutzung und Schwingungsverhalten bei geschalteten Reluktanzmotoren, 1997.<\/a><\/td><\/tr><tr><td class=\"has-text-align-left\" data-align=\"left\">Hans-G\u00fcnter Eckel<\/td><td><a href=\"https:\/\/d-nb.info\/950420859\">Kurzschlu\u00dfschutz beim Einsatz von MOS gesteuerten Thyristoren (MCT) in Spannungszwischenkreis-Umrichtern, 1997.<\/a><\/td><\/tr><tr><td class=\"has-text-align-left\" data-align=\"left\">Rainer Gruber<\/td><td><a href=\"https:\/\/d-nb.info\/950438995\">Quantitative Beurteilung von elektrischen Servoantrieben an einer Untersuchungseinrichtung hoher Genauigkeit, 1997.<\/a><\/td><\/tr><tr><td class=\"has-text-align-left\" data-align=\"left\">Martin Wolf<\/td><td><a href=\"https:\/\/d-nb.info\/951012525\">Eine lernende St\u00f6rgr\u00f6\u00dfenaufschaltung f\u00fcr Drehstromantriebe mit Pulsumrichter, 1997.<\/a><\/td><\/tr><tr><td class=\"has-text-align-left\" data-align=\"left\">R\u00fcdiger Essig<\/td><td><a href=\"https:\/\/d-nb.info\/942185943\">Reduzierung der Spannungsbeanspruchung von Motorwicklungen bei Speisung \u00fcber Pulswechselrichter, 1994.<\/a><\/td><\/tr><tr><td class=\"has-text-align-left\" data-align=\"left\">Yan Lu<\/td><td><a href=\"https:\/\/d-nb.info\/930577353\">Beschreibung des dynamischen Verhaltens von bipolaren Leistungstransistoren im leitenden Zustand, 1992.<\/a><\/td><\/tr><tr><td class=\"has-text-align-left\" data-align=\"left\">Rolf-Dieter Klug<\/td><td><a href=\"https:\/\/d-nb.info\/930233913\">Echtzeitsimulation mechanischer Lastsysteme zur Pr\u00fcfung elektrischer Servoantriebe, 1992.<\/a><\/td><\/tr><tr><td class=\"has-text-align-left\" data-align=\"left\">Holger Segerer<\/td><td><a href=\"https:\/\/d-nb.info\/920841244\">Pr\u00e4diktive Regelung des Asynchronmotors mittels direkt ermittelter Schaltfolgen eines Pulswechselrichters, 1992.<\/a><\/td><\/tr><tr><td class=\"has-text-align-left\" data-align=\"left\">G\u00fcnther Kastner<\/td><td><a href=\"https:\/\/d-nb.info\/910678111\">Auslegung und Verlustanalyse permanenterregter b\u00fcrstenloser Beschleunigungsantriebe unter Ber\u00fccksichtigung der Stromform, 1991.<\/a><\/td><\/tr><tr><td class=\"has-text-align-left\" data-align=\"left\">Dieter Frank<\/td><td><a href=\"https:\/\/d-nb.info\/900773723\">Quantitative G\u00fctebeurteilung elektrischer Servoantriebe unter praxisnahen Pr\u00fcfbedingungen, 1990.<\/a><\/td><\/tr><tr><td class=\"has-text-align-left\" data-align=\"left\">Wolfram L\u00f6be<\/td><td><a href=\"https:\/\/d-nb.info\/891476571\">Selbsteinstellende digitale Regelung permanenterregter Drehstrom-Servoantriebe unter Einbeziehung eines schwingungsf\u00e4higen mechanischen Systems, 1989.<\/a><\/td><\/tr><tr><td class=\"has-text-align-left\" data-align=\"left\">Heinz Sch\u00e4fer<\/td><td><a href=\"https:\/\/d-nb.info\/890333629\">Entwurf und Realisierung eines neuartigen Pr\u00fcfstandes f\u00fcr Kraftfahrzeugkupplungen. na, 1988.<\/a><\/td><\/tr><tr><td class=\"has-text-align-left\" data-align=\"left\">Hans-Rainer Mayer<\/td><td><a href=\"https:\/\/d-nb.info\/890269017\">Entwurf zeitdiskreter Regelverfahren f\u00fcr Asynchronmotoren unter Ber\u00fccksichtigung der diskreten Arbeitsweise des Umrichters. na, 1988.<\/a><\/td><\/tr><tr><td class=\"has-text-align-left\" data-align=\"left\">Peter Schwarz<\/td><td><a href=\"https:\/\/d-nb.info\/880522828\">Ein Beitrag zur Steuerung und Regelung netzgef\u00fchrter Stromrichter mit Hilfe von Mikrorechnern. na, 1987.<\/a><\/td><\/tr><tr><td class=\"has-text-align-left\" data-align=\"left\">Detlef Pauly<\/td><td><a href=\"https:\/\/d-nb.info\/870638866\">Entwurf und Eigenschaften von Asynchronmotoren f\u00fcr Elektrische Servoantriebe, 1986.<\/a><\/td><\/tr><tr><td class=\"has-text-align-left\" data-align=\"left\">Herbert Ebach<\/td><td><a href=\"https:\/\/d-nb.info\/870459171\">Digitale Algorithmen zur Regelung und dynamischen Entkopplung von Industrieroboterachsen, 1986.<\/a><\/td><\/tr><tr><td class=\"has-text-align-left\" data-align=\"left\">Jos\u00e9 Rodriguez<\/td><td><a href=\"https:\/\/d-nb.info\/850968828\">Realisierungsm\u00f6glichkeiten und Steuerverfahren f\u00fcr Direktumrichter mit Leistungstransistoren, 1985.<\/a><\/td><\/tr><tr><td class=\"has-text-align-left\" data-align=\"left\">Walter Z\u00e4gelein<\/td><td><a href=\"https:\/\/d-nb.info\/850505909\">Drehzahlregelung des Asynchronmotors unter Verwendung eines Beobachters mit geringer Parameterempfindlichkeit, 1984.<\/a><\/td><\/tr><tr><td class=\"has-text-align-left\" data-align=\"left\">Alois Weschta<\/td><td><a href=\"https:\/\/d-nb.info\/840639775\">Entwurf und Eigenschaften permanenterregter Synchron-Servomotoren Dissertation. Technische Universit\u00e4t Erlangen-N\u00fcrnberg, 1983.<\/a><\/td><\/tr><tr><td class=\"has-text-align-left\" data-align=\"left\">Albert Wick<\/td><td><a href=\"https:\/\/d-nb.info\/830530584\">Synchroner Drehstrom-Servoantrieb mit Transistor-Pulsumrichter, 1982.<\/a><\/td><\/tr><tr><td class=\"has-text-align-left\" data-align=\"left\">Lothar Sack<\/td><td><a href=\"https:\/\/d-nb.info\/810555182\">Untersuchung des mit einer L\u00f6schwinkel-Abtastregelung versehenen Stromrichtermotors, 1980.<\/a><\/td><\/tr><tr><td class=\"has-text-align-left\" data-align=\"left\">Hans Hopfeng\u00e4rtner<\/td><td><a href=\"https:\/\/d-nb.info\/801279445\">Modellbildung und Regelung elektrischer Servoantriebe am Beispiel eines Industrieroboters, 1980.<\/a><\/td><\/tr><tr><td class=\"has-text-align-left\" data-align=\"left\">Christof Meier<\/td><td><a href=\"https:\/\/d-nb.info\/801193877\">Berechnung optimaler Steuerfunktionen f\u00fcr \u00dcbergangsvorg\u00e4nge bei Asynchronmotoren, 1979.<\/a><\/td><\/tr><tr><td class=\"has-text-align-left\" data-align=\"left\">Johann Steinbrunn<\/td><td><a href=\"https:\/\/d-nb.info\/1283966077\">Modellbildung und Simulation der Fahrdynamik von Pendel-Seilbahnen. Diss., 1978.<\/a><\/td><\/tr><tr><td class=\"has-text-align-left\" data-align=\"left\">Mathias Abb\u00e9<\/td><td><a href=\"https:\/\/d-nb.info\/790951282\">Transientes Verhalten von Asynchronmotorengruppen bei Spannungsunterbrechungen und Netzumschaltungen. Diss. Universit\u00e4t Erlangen, 1978.<\/a><\/td><\/tr><\/tbody><\/table><\/figure>\n\n\n\n<p>&nbsp;<\/p>\n","protected":false},"excerpt":{"rendered":"<p>Completed Doctorates &nbsp; Doctoral Candidate Topic Monja Schilling Investigating the Reactions and Processes in Vanadium Redox Flow Batteries \u2013 Bridging the Gap: from Fundamental Research to Application. Friedrich-Alexander-Universit\u00e4t Erlangen-N\u00fcrnberg (FAU), 2025 Syed, Qurban Spoke Type Axial Flux Permanent Magnet Motor and its Flux Switching Variants Jaeho Ryu Design improvement and experimental verification of the axially [&hellip;]<\/p>\n","protected":false},"author":1175,"featured_media":2473,"parent":3693,"menu_order":2,"comment_status":"closed","ping_status":"closed","template":"","meta":{"_rrze_cache":"enabled","_rrze_multilang_single_locale":"en_US","_rrze_multilang_single_source":"https:\/\/www.leam.tf.fau.de\/?page_id=1924","footnotes":""},"page_category":[],"page_tag":[],"workflow_usergroup":[],"class_list":["post-3697","page","type-page","status-publish","has-post-thumbnail","hentry","en-US"],"_links":{"self":[{"href":"https:\/\/www.eet.tf.fau.de\/wp-json\/wp\/v2\/pages\/3697","targetHints":{"allow":["GET"]}}],"collection":[{"href":"https:\/\/www.eet.tf.fau.de\/wp-json\/wp\/v2\/pages"}],"about":[{"href":"https:\/\/www.eet.tf.fau.de\/wp-json\/wp\/v2\/types\/page"}],"author":[{"embeddable":true,"href":"https:\/\/www.eet.tf.fau.de\/wp-json\/wp\/v2\/users\/1175"}],"replies":[{"embeddable":true,"href":"https:\/\/www.eet.tf.fau.de\/wp-json\/wp\/v2\/comments?post=3697"}],"version-history":[{"count":1,"href":"https:\/\/www.eet.tf.fau.de\/wp-json\/wp\/v2\/pages\/3697\/revisions"}],"predecessor-version":[{"id":3698,"href":"https:\/\/www.eet.tf.fau.de\/wp-json\/wp\/v2\/pages\/3697\/revisions\/3698"}],"up":[{"embeddable":true,"href":"https:\/\/www.eet.tf.fau.de\/wp-json\/wp\/v2\/pages\/3693"}],"wp:featuredmedia":[{"embeddable":true,"href":"https:\/\/www.eet.tf.fau.de\/wp-json\/wp\/v2\/media\/2473"}],"wp:attachment":[{"href":"https:\/\/www.eet.tf.fau.de\/wp-json\/wp\/v2\/media?parent=3697"}],"wp:term":[{"taxonomy":"page_category","embeddable":true,"href":"https:\/\/www.eet.tf.fau.de\/wp-json\/wp\/v2\/page_category?post=3697"},{"taxonomy":"page_tag","embeddable":true,"href":"https:\/\/www.eet.tf.fau.de\/wp-json\/wp\/v2\/page_tag?post=3697"},{"taxonomy":"workflow_usergroup","embeddable":true,"href":"https:\/\/www.eet.tf.fau.de\/wp-json\/wp\/v2\/workflow_usergroup?post=3697"}],"curies":[{"name":"wp","href":"https:\/\/api.w.org\/{rel}","templated":true}]}}